{"id":1363,"date":"2021-10-20T17:20:15","date_gmt":"2021-10-20T20:20:15","guid":{"rendered":"https:\/\/www.drflaviofavano.com.br\/blog\/\/?page_id=1363"},"modified":"2021-12-07T13:17:07","modified_gmt":"2021-12-07T16:17:07","slug":"blog","status":"publish","type":"page","link":"https:\/\/www.drflaviofavano.com.br\/blog\/","title":{"rendered":"Blog"},"content":{"rendered":"<p>A coloca\u00e7\u00e3o de pr\u00f3tese de silicone requer experi\u00eancia e muito cuidado. Para inseri-la, \u00e9 preciso fazer um pequeno corte em torno da ar\u00e9ola, na axila ou na parte inferior da mama. Mas n\u00e3o h\u00e1 apenas um local para posicionar o &hellip;<\/p>","protected":false},"excerpt":{"rendered":"<p>A coloca\u00e7\u00e3o de pr\u00f3tese de silicone requer experi\u00eancia e muito cuidado. Para inseri-la, \u00e9 preciso fazer um pequeno corte em torno da ar\u00e9ola, na axila ou na parte inferior da mama. Mas n\u00e3o h\u00e1 apenas um local para posicionar o &hellip;<\/p>","protected":false},"author":2,"featured_media":0,"parent":0,"menu_order":0,"comment_status":"closed","ping_status":"closed","template":"","meta":{"site-sidebar-layout":"no-sidebar","site-content-layout":"plain-container","ast-site-content-layout":"","site-content-style":"default","site-sidebar-style":"default","ast-global-header-display":"","ast-banner-title-visibility":"","ast-main-header-display":"","ast-hfb-above-header-display":"","ast-hfb-below-header-display":"","ast-hfb-mobile-header-display":"","site-post-title":"disabled","ast-breadcrumbs-content":"","ast-featured-img":"","footer-sml-layout":"","theme-transparent-header-meta":"enabled","adv-header-id-meta":"","stick-header-meta":"","header-above-stick-meta":"","header-main-stick-meta":"","header-below-stick-meta":"","astra-migrate-meta-layouts":"","footnotes":""},"class_list":["post-1363","page","type-page","status-publish","hentry"],"_links":{"self":[{"href":"https:\/\/www.drflaviofavano.com.br\/blog\/wp-json\/wp\/v2\/pages\/1363","targetHints":{"allow":["GET"]}}],"collection":[{"href":"https:\/\/www.drflaviofavano.com.br\/blog\/wp-json\/wp\/v2\/pages"}],"about":[{"href":"https:\/\/www.drflaviofavano.com.br\/blog\/wp-json\/wp\/v2\/types\/page"}],"author":[{"embeddable":true,"href":"https:\/\/www.drflaviofavano.com.br\/blog\/wp-json\/wp\/v2\/users\/2"}],"replies":[{"embeddable":true,"href":"https:\/\/www.drflaviofavano.com.br\/blog\/wp-json\/wp\/v2\/comments?post=1363"}],"version-history":[{"count":16,"href":"https:\/\/www.drflaviofavano.com.br\/blog\/wp-json\/wp\/v2\/pages\/1363\/revisions"}],"predecessor-version":[{"id":1418,"href":"https:\/\/www.drflaviofavano.com.br\/blog\/wp-json\/wp\/v2\/pages\/1363\/revisions\/1418"}],"wp:attachment":[{"href":"https:\/\/www.drflaviofavano.com.br\/blog\/wp-json\/wp\/v2\/media?parent=1363"}],"curies":[{"name":"wp","href":"https:\/\/api.w.org\/{rel}","templated":true}]}}